{"id":2462,"date":"2026-01-25T18:13:05","date_gmt":"2026-01-25T18:13:05","guid":{"rendered":"https:\/\/trufasmsa.es\/la-recolleccio\/"},"modified":"2026-01-25T18:13:06","modified_gmt":"2026-01-25T18:13:06","slug":"la-recolleccio","status":"publish","type":"page","link":"https:\/\/trufasmsa.es\/ca\/la-recolleccio\/","title":{"rendered":"La recol\u00b7lecci\u00f3"},"content":{"rendered":"<div class=\"wpb-content-wrapper\"><p>[vc_row css_animation=&#8221;element_from_bottom&#8221; row_type=&#8221;row&#8221; use_row_as_full_screen_section=&#8221;no&#8221; type=&#8221;grid&#8221; angled_section=&#8221;no&#8221; text_align=&#8221;left&#8221; background_image_as_pattern=&#8221;without_pattern&#8221; z_index=&#8221;&#8221; background_image=&#8221;1810&#8243;][vc_column][vc_empty_space height=&#8221;150px&#8221;][vc_column_text]<\/p>\n<div style=\"text-align: center;\">\n<h1 style=\"background: #5b341170; display: inline-block; padding: 0px 10px;\"><span style=\"color: #ffffff;\">La recol\u00b7lecci\u00f3<\/span><\/h1>\n<\/div>\n<p>[\/vc_column_text][vc_empty_space height=&#8221;150px&#8221;][\/vc_column][\/vc_row][vc_row css_animation=&#8221;&#8221; row_type=&#8221;row&#8221; use_row_as_full_screen_section=&#8221;no&#8221; type=&#8221;grid&#8221; angled_section=&#8221;no&#8221; text_align=&#8221;left&#8221; background_image_as_pattern=&#8221;without_pattern&#8221; z_index=&#8221;&#8221;][vc_column][vc_empty_space][vc_column_text]<\/p>\n<h1 style=\"font-size: 28px; font-weight: bold; margin-bottom: 17px; text-decoration: underline; text-align: center;\"><span style=\"color: #000000; text-decoration: underline;\"><span style=\"color: #5b3411; text-decoration: underline;\">La recol\u00b7lecci\u00f3 de la t\u00f2fona negra<\/span><\/span><\/h1>\n<p>[\/vc_column_text][vc_empty_space][vc_column_text]Despr\u00e9s de realitzar la plantaci\u00f3 dels arbres m\u00e9s idonis que s\u00f3n: l&#8217;alzina i el roure, passats entre 5 i 7 anys es recol\u00b7lecten les primeres t\u00f2fones.<\/p>\n<p>&nbsp;<\/p>\n<p>La recol\u00b7lecci\u00f3 de la t\u00f2fona es realitza amb l&#8217;ajuda dels nostres gossos, seleccionats entre els que demostren les millors qualitats, \u00f2ptimes condicions f\u00edsiques i un intens entrenament.<\/p>\n<p>&nbsp;<\/p>\n<p>El proc\u00e9s de desenvolupament, cura, manteniment i extracci\u00f3 \u00e9s completament artesanal en tots els aspectes. Les t\u00f2fones s\u00f3n recollides del terreny amb la m\u00e0xima delicadesa per professionals amb \u00e0mplia experi\u00e8ncia en el sector.[\/vc_column_text][vc_empty_space][\/vc_column][\/vc_row][vc_row css_animation=&#8221;&#8221; row_type=&#8221;row&#8221; use_row_as_full_screen_section=&#8221;no&#8221; type=&#8221;grid&#8221; angled_section=&#8221;no&#8221; text_align=&#8221;left&#8221; background_image_as_pattern=&#8221;without_pattern&#8221; z_index=&#8221;&#8221; css=&#8221;.vc_custom_1655797847867{background-color: #000000 !important;}&#8221;][vc_column][vc_empty_space][\/vc_column][\/vc_row][vc_row css_animation=&#8221;&#8221; row_type=&#8221;row&#8221; use_row_as_full_screen_section=&#8221;no&#8221; type=&#8221;grid&#8221; angled_section=&#8221;no&#8221; text_align=&#8221;left&#8221; background_image_as_pattern=&#8221;without_pattern&#8221; z_index=&#8221;&#8221; css=&#8221;.vc_custom_1655797847867{background-color: #000000 !important;}&#8221;][vc_column width=&#8221;1\/2&#8243;][vc_single_image image=&#8221;1745&#8243; img_size=&#8221;530X590&#8243; qode_css_animation=&#8221;&#8221;][vc_empty_space height=&#8221;10px&#8221;][\/vc_column][vc_column width=&#8221;1\/2&#8243;][vc_single_image image=&#8221;1751&#8243; img_size=&#8221;530&#215;290&#8243; qode_css_animation=&#8221;&#8221;][vc_empty_space height=&#8221;10px&#8221;][vc_single_image image=&#8221;1767&#8243; img_size=&#8221;530&#215;290&#8243; qode_css_animation=&#8221;&#8221;][\/vc_column][\/vc_row][vc_row css_animation=&#8221;&#8221; row_type=&#8221;row&#8221; use_row_as_full_screen_section=&#8221;no&#8221; type=&#8221;grid&#8221; angled_section=&#8221;no&#8221; text_align=&#8221;left&#8221; background_image_as_pattern=&#8221;without_pattern&#8221; z_index=&#8221;&#8221; css=&#8221;.vc_custom_1655797847867{background-color: #000000 !important;}&#8221;][vc_column][vc_empty_space][\/vc_column][\/vc_row][vc_row css_animation=&#8221;&#8221; row_type=&#8221;row&#8221; use_row_as_full_screen_section=&#8221;no&#8221; type=&#8221;grid&#8221; angled_section=&#8221;no&#8221; text_align=&#8221;left&#8221; background_image_as_pattern=&#8221;without_pattern&#8221; z_index=&#8221;&#8221; css=&#8221;.vc_custom_1655797847867{background-color: #000000 !important;}&#8221;][vc_column width=&#8221;1\/2&#8243;][vc_single_image image=&#8221;1751&#8243; img_size=&#8221;600&#215;400&#8243; qode_css_animation=&#8221;&#8221;][vc_empty_space height=&#8221;10px&#8221;][\/vc_column][vc_column width=&#8221;1\/2&#8243;][vc_single_image image=&#8221;1771&#8243; img_size=&#8221;600&#215;400&#8243; qode_css_animation=&#8221;&#8221;][vc_empty_space height=&#8221;10px&#8221;][\/vc_column][\/vc_row][vc_row css_animation=&#8221;&#8221; row_type=&#8221;row&#8221; use_row_as_full_screen_section=&#8221;no&#8221; type=&#8221;grid&#8221; angled_section=&#8221;no&#8221; text_align=&#8221;left&#8221; background_image_as_pattern=&#8221;without_pattern&#8221; z_index=&#8221;&#8221; css=&#8221;.vc_custom_1655797847867{background-color: #000000 !important;}&#8221;][vc_column][vc_empty_space][\/vc_column][\/vc_row]<\/p>\n<\/div>","protected":false},"excerpt":{"rendered":"<p>[vc_row css_animation=&#8221;element_from_bottom&#8221; row_type=&#8221;row&#8221; use_row_as_full_screen_section=&#8221;no&#8221; type=&#8221;grid&#8221; angled_section=&#8221;no&#8221; text_align=&#8221;left&#8221; background_image_as_pattern=&#8221;without_pattern&#8221; z_index=&#8221;&#8221; background_image=&#8221;1810&#8243;][vc_column][vc_empty_space height=&#8221;150px&#8221;][vc_column_text] La recol\u00b7lecci\u00f3 [\/vc_column_text][vc_empty_space height=&#8221;150px&#8221;][\/vc_column][\/vc_row][vc_row css_animation=&#8221;&#8221; row_type=&#8221;row&#8221; use_row_as_full_screen_section=&#8221;no&#8221; type=&#8221;grid&#8221; angled_section=&#8221;no&#8221; text_align=&#8221;left&#8221; background_image_as_pattern=&#8221;without_pattern&#8221; z_index=&#8221;&#8221;][vc_column][vc_empty_space][vc_column_text] La recol\u00b7lecci\u00f3 de la t\u00f2fona negra [\/vc_column_text][vc_empty_space][vc_column_text]Despr\u00e9s de realitzar la plantaci\u00f3 dels arbres m\u00e9s idonis que s\u00f3n: l&#8217;alzina i el roure, passats entre 5 i 7 anys es recol\u00b7lecten les primeres t\u00f2fones. &nbsp; La recol\u00b7lecci\u00f3 de la t\u00f2fona es realitza amb l&#8217;ajuda dels nostres gossos, seleccionats entre els que demostren les millors qualitats, \u00f2ptimes condicions f\u00edsiques i un intens entrenament. &nbsp; El proc\u00e9s de desenvolupament, cura, manteniment i extracci\u00f3 \u00e9s completament artesanal en tots els aspectes. Les t\u00f2fones s\u00f3n recollides del terreny amb la m\u00e0xima delicadesa per professionals amb \u00e0mplia experi\u00e8ncia en el sector.[\/vc_column_text][vc_empty_space][\/vc_column][\/vc_row][vc_row css_animation=&#8221;&#8221; row_type=&#8221;row&#8221; use_row_as_full_screen_section=&#8221;no&#8221; type=&#8221;grid&#8221; angled_section=&#8221;no&#8221; text_align=&#8221;left&#8221; background_image_as_pattern=&#8221;without_pattern&#8221; z_index=&#8221;&#8221; css=&#8221;.vc_custom_1655797847867{background-color: #000000 !important;}&#8221;][vc_column][vc_empty_space][\/vc_column][\/vc_row][vc_row css_animation=&#8221;&#8221; row_type=&#8221;row&#8221; use_row_as_full_screen_section=&#8221;no&#8221; type=&#8221;grid&#8221; angled_section=&#8221;no&#8221; text_align=&#8221;left&#8221; background_image_as_pattern=&#8221;without_pattern&#8221; z_index=&#8221;&#8221; css=&#8221;.vc_custom_1655797847867{background-color: #000000 !important;}&#8221;][vc_column width=&#8221;1\/2&#8243;][vc_single_image image=&#8221;1745&#8243; img_size=&#8221;530X590&#8243; qode_css_animation=&#8221;&#8221;][vc_empty_space height=&#8221;10px&#8221;][\/vc_column][vc_column width=&#8221;1\/2&#8243;][vc_single_image image=&#8221;1751&#8243; img_size=&#8221;530&#215;290&#8243; qode_css_animation=&#8221;&#8221;][vc_empty_space height=&#8221;10px&#8221;][vc_single_image image=&#8221;1767&#8243; img_size=&#8221;530&#215;290&#8243; qode_css_animation=&#8221;&#8221;][\/vc_column][\/vc_row][vc_row css_animation=&#8221;&#8221; row_type=&#8221;row&#8221; use_row_as_full_screen_section=&#8221;no&#8221; type=&#8221;grid&#8221; angled_section=&#8221;no&#8221; text_align=&#8221;left&#8221; background_image_as_pattern=&#8221;without_pattern&#8221; z_index=&#8221;&#8221; css=&#8221;.vc_custom_1655797847867{background-color: #000000 !important;}&#8221;][vc_column][vc_empty_space][\/vc_column][\/vc_row][vc_row css_animation=&#8221;&#8221; row_type=&#8221;row&#8221; use_row_as_full_screen_section=&#8221;no&#8221; type=&#8221;grid&#8221; angled_section=&#8221;no&#8221; text_align=&#8221;left&#8221; background_image_as_pattern=&#8221;without_pattern&#8221; z_index=&#8221;&#8221; css=&#8221;.vc_custom_1655797847867{background-color: #000000 !important;}&#8221;][vc_column width=&#8221;1\/2&#8243;][vc_single_image image=&#8221;1751&#8243; img_size=&#8221;600&#215;400&#8243; qode_css_animation=&#8221;&#8221;][vc_empty_space height=&#8221;10px&#8221;][\/vc_column][vc_column width=&#8221;1\/2&#8243;][vc_single_image image=&#8221;1771&#8243; img_size=&#8221;600&#215;400&#8243; qode_css_animation=&#8221;&#8221;][vc_empty_space height=&#8221;10px&#8221;][\/vc_column][\/vc_row][vc_row css_animation=&#8221;&#8221; row_type=&#8221;row&#8221; use_row_as_full_screen_section=&#8221;no&#8221; type=&#8221;grid&#8221; angled_section=&#8221;no&#8221; text_align=&#8221;left&#8221; background_image_as_pattern=&#8221;without_pattern&#8221; z_index=&#8221;&#8221; css=&#8221;.vc_custom_1655797847867{background-color: #000000 !important;}&#8221;][vc_column][vc_empty_space][\/vc_column][\/vc_row]<\/p>\n","protected":false},"author":2,"featured_media":0,"parent":0,"menu_order":0,"comment_status":"closed","ping_status":"closed","template":"","meta":{"_uag_custom_page_level_css":"","footnotes":""},"yst_prominent_words":[],"class_list":["post-2462","page","type-page","status-publish","hentry"],"uagb_featured_image_src":{"full":false,"thumbnail":false,"medium":false,"medium_large":false,"large":false,"1536x1536":false,"2048x2048":false,"graceful-slider-full-thumbnail":false,"graceful-full-thumbnail":false,"graceful-column-thumbnail":false,"graceful-small-thumbnail":false,"woocommerce_thumbnail":false,"woocommerce_single":false,"woocommerce_gallery_thumbnail":false},"uagb_author_info":{"display_name":"JuditBDR","author_link":"https:\/\/trufasmsa.es\/ca\/author\/juditbdr\/"},"uagb_comment_info":0,"uagb_excerpt":"[vc_row css_animation=&#8221;element_from_bottom&#8221; row_type=&#8221;row&#8221; use_row_as_full_screen_section=&#8221;no&#8221; type=&#8221;grid&#8221; angled_section=&#8221;no&#8221; text_align=&#8221;left&#8221; background_image_as_pattern=&#8221;without_pattern&#8221; z_index=&#8221;&#8221; background_image=&#8221;1810&#8243;][vc_column][vc_empty_space height=&#8221;150px&#8221;][vc_column_text] La recol\u00b7lecci\u00f3 [\/vc_column_text][vc_empty_space height=&#8221;150px&#8221;][\/vc_column][\/vc_row][vc_row css_animation=&#8221;&#8221; row_type=&#8221;row&#8221; use_row_as_full_screen_section=&#8221;no&#8221; type=&#8221;grid&#8221; angled_section=&#8221;no&#8221; text_align=&#8221;left&#8221; background_image_as_pattern=&#8221;without_pattern&#8221; z_index=&#8221;&#8221;][vc_column][vc_empty_space][vc_column_text] La recol\u00b7lecci\u00f3 de la t\u00f2fona negra [\/vc_column_text][vc_empty_space][vc_column_text]Despr\u00e9s de realitzar la plantaci\u00f3 dels arbres m\u00e9s idonis que s\u00f3n: l&#8217;alzina i el roure, passats entre 5 i 7 anys es recol\u00b7lecten les primeres t\u00f2fones.&hellip;","_links":{"self":[{"href":"https:\/\/trufasmsa.es\/ca\/wp-json\/wp\/v2\/pages\/2462","targetHints":{"allow":["GET"]}}],"collection":[{"href":"https:\/\/trufasmsa.es\/ca\/wp-json\/wp\/v2\/pages"}],"about":[{"href":"https:\/\/trufasmsa.es\/ca\/wp-json\/wp\/v2\/types\/page"}],"author":[{"embeddable":true,"href":"https:\/\/trufasmsa.es\/ca\/wp-json\/wp\/v2\/users\/2"}],"replies":[{"embeddable":true,"href":"https:\/\/trufasmsa.es\/ca\/wp-json\/wp\/v2\/comments?post=2462"}],"version-history":[{"count":3,"href":"https:\/\/trufasmsa.es\/ca\/wp-json\/wp\/v2\/pages\/2462\/revisions"}],"predecessor-version":[{"id":2465,"href":"https:\/\/trufasmsa.es\/ca\/wp-json\/wp\/v2\/pages\/2462\/revisions\/2465"}],"wp:attachment":[{"href":"https:\/\/trufasmsa.es\/ca\/wp-json\/wp\/v2\/media?parent=2462"}],"wp:term":[{"taxonomy":"yst_prominent_words","embeddable":true,"href":"https:\/\/trufasmsa.es\/ca\/wp-json\/wp\/v2\/yst_prominent_words?post=2462"}],"curies":[{"name":"wp","href":"https:\/\/api.w.org\/{rel}","templated":true}]}}